{"id":8423,"date":"2019-04-03T13:02:06","date_gmt":"2019-04-03T13:02:06","guid":{"rendered":"https:\/\/www.bamtec.com\/impressum-privacy-policy\/"},"modified":"2020-09-16T07:08:59","modified_gmt":"2020-09-16T07:08:59","slug":"impressum-privacy-policy","status":"publish","type":"page","link":"https:\/\/www.bamtec.com\/fr\/impressum-privacy-policy\/","title":{"rendered":"IMPRESSUM \/ PRIVACY POLICY"},"content":{"rendered":"\t\t<div data-elementor-type=\"wp-post\" data-elementor-id=\"8423\" class=\"elementor elementor-8423 elementor-2319\" data-elementor-post-type=\"page\">\n\t\t\t\t\t\t<section data-particle_enable=\"false\" data-particle-mobile-disabled=\"false\" class=\"elementor-section elementor-top-section elementor-element elementor-element-dfd442a elementor-section-boxed elementor-section-height-default elementor-section-height-default\" data-id=\"dfd442a\" data-element_type=\"section\" data-settings=\"{&quot;background_background&quot;:&quot;classic&quot;}\">\n\t\t\t\t\t\t<div class=\"elementor-container elementor-column-gap-default\">\n\t\t\t\t\t<div class=\"elementor-column elementor-col-100 elementor-top-column elementor-element elementor-element-80c08bf\" data-id=\"80c08bf\" data-element_type=\"column\" data-settings=\"{&quot;background_background&quot;:&quot;classic&quot;}\">\n\t\t\t<div class=\"elementor-widget-wrap elementor-element-populated\">\n\t\t\t\t\t\t<div class=\"elementor-element elementor-element-d3d0c32 elementor-widget elementor-widget-text-editor\" data-id=\"d3d0c32\" data-element_type=\"widget\" data-widget_type=\"text-editor.default\">\n\t\t\t\t<div class=\"elementor-widget-container\">\n\t\t\t\t\t\t\t<p>IMPRESSUM \/ PRIVACY POLICY<\/p>\t\t\t\t\t\t<\/div>\n\t\t\t\t<\/div>\n\t\t\t\t\t<\/div>\n\t\t<\/div>\n\t\t\t\t\t<\/div>\n\t\t<\/section>\n\t\t\t\t<section data-particle_enable=\"false\" data-particle-mobile-disabled=\"false\" class=\"elementor-section elementor-top-section elementor-element elementor-element-272a3b4 elementor-section-boxed elementor-section-height-default elementor-section-height-default\" data-id=\"272a3b4\" data-element_type=\"section\">\n\t\t\t\t\t\t<div class=\"elementor-container elementor-column-gap-default\">\n\t\t\t\t\t<div class=\"elementor-column elementor-col-100 elementor-top-column elementor-element elementor-element-0b4490e\" data-id=\"0b4490e\" data-element_type=\"column\">\n\t\t\t<div class=\"elementor-widget-wrap elementor-element-populated\">\n\t\t\t\t\t\t<div class=\"elementor-element elementor-element-515080f elementor-widget elementor-widget-text-editor\" data-id=\"515080f\" data-element_type=\"widget\" data-widget_type=\"text-editor.default\">\n\t\t\t\t<div class=\"elementor-widget-container\">\n\t\t\t\t\t\t\t<p>Impressum<\/p>\t\t\t\t\t\t<\/div>\n\t\t\t\t<\/div>\n\t\t\t\t\t<\/div>\n\t\t<\/div>\n\t\t\t\t\t<\/div>\n\t\t<\/section>\n\t\t\t\t<section data-particle_enable=\"false\" data-particle-mobile-disabled=\"false\" class=\"elementor-section elementor-top-section elementor-element elementor-element-814931e elementor-section-boxed elementor-section-height-default elementor-section-height-default\" data-id=\"814931e\" data-element_type=\"section\">\n\t\t\t\t\t\t<div class=\"elementor-container elementor-column-gap-default\">\n\t\t\t\t\t<div class=\"elementor-column elementor-col-100 elementor-top-column elementor-element elementor-element-314dc91\" data-id=\"314dc91\" data-element_type=\"column\">\n\t\t\t<div class=\"elementor-widget-wrap elementor-element-populated\">\n\t\t\t\t\t\t<div class=\"elementor-element elementor-element-b64c440 elementor-widget elementor-widget-text-editor\" data-id=\"b64c440\" data-element_type=\"widget\" data-widget_type=\"text-editor.default\">\n\t\t\t\t<div class=\"elementor-widget-container\">\n\t\t\t\t\t\t\tBAM AG<br>\nNeugasse 43<br>\n9000 St. Gallen<br>\nSwitzerland<br><br>\n\n<a href=\"tel:+41712222061\">Tel.: +41 &#8211; 71 &#8211; 2222061<\/a><br>\nFax.: +41 &#8211; 71 &#8211; 2222063<br><br>\n\n<a href=\"mailto:info@bamtec.com\">E-Mail: info@bamtec.com<\/a><br>\n<a href=\"https:\/\/www.bamtec.com\" rel=\"nofollow\" target=\"_blank\">Internet: www.bamtec.com<\/a>\t\t\t\t\t\t<\/div>\n\t\t\t\t<\/div>\n\t\t\t\t<div class=\"elementor-element elementor-element-6b73d90 elementor-widget elementor-widget-text-editor\" data-id=\"6b73d90\" data-element_type=\"widget\" data-widget_type=\"text-editor.default\">\n\t\t\t\t<div class=\"elementor-widget-container\">\n\t\t\t\t\t\t\t<p>Datenschutzerkl\u00e4rung<\/p>\t\t\t\t\t\t<\/div>\n\t\t\t\t<\/div>\n\t\t\t\t<div class=\"elementor-element elementor-element-d0e176b elementor-widget elementor-widget-text-editor\" data-id=\"d0e176b\" data-element_type=\"widget\" data-widget_type=\"text-editor.default\">\n\t\t\t\t<div class=\"elementor-widget-container\">\n\t\t\t\t\t\t\t<p>Version vom 1.1.2019<\/p><p>Allgemeines<\/p><p>Mit dieser Datenschutzerkl\u00e4rung wollen wir Ihnen als Nutzerin bzw. Nutzer unserer Website darlegen, wie wir Personendaten erheben und bearbeiten.<br \/>Unsere Website untersteht dem schweizerischen Datenschutzrecht, insbesondere dem Bundesgesetz \u00fcber den Datenschutz (DSG) und, soweit anwendbar, ausl\u00e4ndischem Datenschutzrecht, insbesondere der Datenschutz-Grundverordnung (DSGVO) der Europ\u00e4ischen Union (EU). Letztere ist nur anwendbar auf nat\u00fcrliche Personen mit Wohnsitz in einem EU-Staat. Die EU anerkennt, dass das schweizerische Datenschutzrecht einen angemessenen Datenschutz gew\u00e4hrleistet.<\/p><p>Durch die Nutzung unserer Website erkl\u00e4ren Sie sich mit der Bearbeitung der \u00fcber Sie erhobenen Daten in der nachfolgend beschriebenen Art und Weise und zu dem benannten Zweck einverstanden.<\/p><p>Wir k\u00f6nnen die vorliegende Datenschutzerkl\u00e4rung jederzeit und ohne Vorank\u00fcndigung anpassen. Es gilt jeweils die aktuelle, auf unserer Website publizierte Fassung.<\/p><p>Verantwortlicher f\u00fcr Datenschutzbelange<br \/>Die Verantwortung f\u00fcr den Inhalt der vorliegenden Datenschutzerkl\u00e4rung sowie f\u00fcr die beschriebene Datenbearbeitung liegt bei der BAM AG, Neugasse 43, 9000 St. Gallen, info@bamtec.com, +41 71 222 20 61<\/p><p>Ansprechpartner f\u00fcr datenschutzrechtliche Anliegen bei der BAM AG: Franz H\u00e4ussler, info@bamtec.com, +49 171 147 93 88<\/p><p>Bearbeitung von Personendaten<br \/>Einleitend kl\u00e4ren wir zum besseren Verst\u00e4ndnis die wichtigsten Begrifflichkeiten, welche nachfolgend verwendet werden. Wir halten uns diesbez\u00fcglich an die Begriffsdefinitionen aus dem schweizerischen Datenschutzgesetz (Art. 3 DSG).<\/p><p>Personendaten: alle Angaben, die sich auf eine bestimmte oder bestimmbare Person beziehen.<br \/>betroffene Personen: nat\u00fcrliche oder juristische Personen, \u00fcber die Daten bearbeitet werden.<br \/>Bearbeiten: jeder Umgang mit Personendaten, unabh\u00e4ngig von den angewandten Mitteln und Verfahren, insbesondere das Beschaffen, Aufbewahren, Verwenden, Umarbeiten, Bekanntgeben, Archivieren oder Vernichten von Daten.<br \/>Wir bearbeiten Personendaten unter Einhaltung des schweizerischen Datenschutzrechts. Die Rechtm\u00e4ssigkeit der Bearbeitung von Personendaten nach DSGVO \u2013 sofern und soweit diese anwendbar ist \u2013 stellen wir wie folgt sicher:<\/p><p>Die betroffene Person hat ihre Einwilligung zu der Verarbeitung der sie betreffenden personenbezogenen Daten f\u00fcr einen oder mehrere bestimmte Zwecke gegeben (Art. 6 Abs. 1 lit. a DSGVO) oder<br \/>die Verarbeitung ist f\u00fcr die Erf\u00fcllung eines Vertrages, dessen Vertragspartei die betroffene Person ist, oder zur Durchf\u00fchrung vorvertraglicher Massnahmen erforderlich, die auf Anfrage der betroffenen Person erfolgen (Art. 6 Abs. 1 lit. b DSGVO) oder<br \/>die Verarbeitung ist zur Erf\u00fcllung einer rechtlichen Verpflichtung erforderlich, der ich als Verantwortlicher unterliege (Art. 6 Abs. 1 lit. c DSGVO) oder<br \/>die Verarbeitung ist erforderlich, um lebenswichtige Interessen der betroffenen Person oder einer anderen nat\u00fcrlichen Person zu sch\u00fctzen (Art. 6 Abs. 1 lit. d DSGVO) oder<br \/>die Verarbeitung ist f\u00fcr die Wahrnehmung einer Aufgabe erforderlich, die im \u00f6ffentlichen Interesse liegt oder in Aus\u00fcbung \u00f6ffentlicher Gewalt erfolgt, die mir als Verantwortlichen \u00fcbertragen wurde (Art. 6 Abs. 1 lit. e DSGVO) oder<br \/>die Verarbeitung ist zur Wahrung unserer berechtigten Interessen als Verantwortliche oder eines Dritten erforderlich, sofern nicht die Interessen oder Grundrechte und Grundfreiheiten der betroffenen Person, die den Schutz personenbezogener Daten erfordern, \u00fcberwiegen, insbesondere dann, wenn es sich bei der betroffenen Person um ein Kind handelt (Art. 6 Abs. 1 lit. f DSGVO).<br \/>Wir bearbeiten die erhobenen Daten, um die von Ihnen gew\u00fcnschten Produkte und Dienstleistungen verbessern zu k\u00f6nnen, um Ihre Benutzung und Ihren gew\u00fcnschten Zugang zu unseren Dienstleistungen und Informationen zu managen, um unser gesch\u00e4ftliches Verh\u00e4ltnis zu Ihnen zu pflegen, um die Leistungsf\u00e4higkeit unseres Angebots zu \u00fcberwachen und zu verbessern und um illegale Aktivit\u00e4ten zu erkennen, zu verhindern oder aufzukl\u00e4ren. Wir erheben, nutzen und geben Ihre personenbezogenen Daten nur dann weiter, wenn dies im gesetzlichen Rahmen erlaubt bzw. vorgeschrieben ist oder Sie in die Datenerhebung eingewilligt haben.<\/p><p>Bearbeitungsdauer von Personendaten<br \/>Wir bearbeiten Ihre Personendaten so lange, als es der Zweck der Erfassung Ihrer Daten notwendig macht. Gesetzliche Aufbewahrungsfristen k\u00f6nnen dazu f\u00fchren, dass Ihre Personendaten bzw. Ausz\u00fcge davon noch mehrere Jahre nach Beendigung des Vertragsverh\u00e4ltnisses zwischen Ihnen und uns aufbewahrt werden m\u00fcssen.<\/p><p>Cookies<br \/>Unsere Website verwendet Cookies, mit denen Ihr Browser oder Ihr Ger\u00e4t identifiziert werden kann. Cookies sind kleine Dateien, die von unserem Webserver an Ihren Browser geschickt und auf Ihrem Endger\u00e4t gespeichert werden. Durch den Einsatz von Cookies erh\u00f6ht sich die Benutzerfreundlichkeit und Sicherheit unserer Website. Sollten Sie keine Cookies w\u00fcnschen, k\u00f6nnen Sie die Speicherung in den Einstellungen Ihres Browsers ausschalten. Hinweis: Es ist nicht gew\u00e4hrleistet, dass Sie auf alle Funktionen unserer Website ohne Einschr\u00e4nkungen zugreifen k\u00f6nnen, wenn Sie entsprechende Einstellungen vornehmen.<\/p><p>Umgang mit Kontaktdaten<\/p><p>Nehmen Sie mit uns durch die auf der Website angebotenen Kontaktm\u00f6glichkeiten Verbindung auf, werden Ihre Angaben gespeichert, damit auf diese zur Bearbeitung und Beantwortung Ihrer Anfrage zur\u00fcckgegriffen werden kann. Durch Ihre Kontaktaufnahme willigen Sie in die Bearbeitung Ihrer Personendaten im Rahmen der vorliegenden Regelungen ein.<\/p><p>Dienste von Dritten<\/p><p>Website Hosting-Provider<br \/>Wir hosten unsere Website bei einem Schweizer Hosting-Provider mit Sitz in der Schweiz. Mit jedem Besuch auf unserer Website erhebt und speichert der Hosting-Provider automatisch Informationen (Server Log Files), die Ihr Browser \u00fcbermittelt. Dazu z\u00e4hlen Name und URL der abgerufenen Datei, Datum und Uhrzeit, Datenmenge, Webbrowser und Webbrowser-Version, Betriebssystem, der Domainname Ihres Internet-Providers, die sogenannte Referrer-URL (jene Seite, von der aus Sie auf unser Angebot zugegriffen haben) und die IP-Adresse. Diese Nutzungsdaten dienen der Erkennung von technischen Problemen, der Gew\u00e4hrleistung der Sicherheit sowie der statistischen Auswertung der Nutzung unserer Website und damit auch der Weiterentwicklung unseres Angebots.<\/p><p>Google Inc.<br \/>Auf unserer Website verwenden wir Google Maps f\u00fcr das Einbetten von Karten, Google reCAPTCHA zum Schutz gegen Bots und Spam sowie Google Analytics zur Datenverkehrsanalyse. Diese Dienste verwenden unter anderem Cookies und es werden Daten an Google in den USA \u00fcbertragen. Genauere Informationen finden Sie in der Datenschutzerkl\u00e4rung von Google und bez\u00fcglich des Einsatzes von Google Analytics nachfolgend.<\/p><p>Datenschutzerkl\u00e4rung f\u00fcr die Nutzung von Google Analytics<br \/>Unsere Website benutzt Google Analytics, einen Webanalysedienst der Google Inc. (\u00abGoogle\u00bb). Google Analytics verwendet sogenannte \u00abCookies\u00bb, Textdateien, die auf Ihrem Computer gespeichert werden und die eine Analyse der Benutzung der Website durch Sie erm\u00f6glichen. Die durch den Cookie erzeugten Informationen \u00fcber Ihre Benutzung dieser Website werden in der Regel an einen Server von Google in den USA \u00fcbertragen und dort gespeichert. Wir haben die IP-Anonymisierung auf dieser Webseite aktiviert, womit Ihre IP-Adresse von Google innerhalb von Mitgliedstaaten der Europ\u00e4ischen Union oder in anderen Vertragsstaaten des Abkommens \u00fcber den Europ\u00e4ischen Wirtschaftsraum zuvor gek\u00fcrzt wird. Nur in Ausnahmef\u00e4llen wird die volle IP-Adresse an einen Server von Google in den USA \u00fcbertragen und dort gek\u00fcrzt. Google wird diese Informationen benutzen, um Ihre Nutzung der Website auszuwerten, um Reports \u00fcber die Websiteaktivit\u00e4ten f\u00fcr die Websitebetreiber zusammenzustellen und um weitere mit der Websitenutzung und der Internetnutzung verbundene Dienstleistungen zu erbringen. Auch wird Google diese Informationen gegebenenfalls an Dritte \u00fcbertragen, sofern dies gesetzlich vorgeschrieben ist oder soweit Dritte diese Daten im Auftrag von Google verarbeiten. Die im Rahmen von Google Analytics von Ihrem Browser \u00fcbermittelte IP-Adresse wird nicht mit anderen Daten von Google zusammengef\u00fchrt. Sie k\u00f6nnen die Installation der Cookies durch eine entsprechende Einstellung Ihrer Browser-Software verhindern; wir weisen Sie jedoch darauf hin, dass Sie in diesem Fall gegebenenfalls nicht s\u00e4mtliche Funktionen dieser Website vollumf\u00e4nglich nutzen k\u00f6nnen. Durch die Nutzung dieser Website erkl\u00e4ren Sie sich mit der Bearbeitung der \u00fcber Sie erhobenen Daten durch Google in der zuvor beschriebenen Art und Weise und zu dem zuvor benannten Zweck einverstanden. Google h\u00e4lt das europ\u00e4ische Datenschutzrecht ein und ist unter dem Privacy-Shield-Abkommen zertifiziert. Durch ein Browser-Plugin k\u00f6nnen Sie verhindern, dass die durch Cookies gesammelten Informationen (inklusive Ihrer IP-Adresse) an Google gesendet und von Google genutzt werden. Hier finden Sie das entsprechende Plugin.<\/p><p>Links zu anderen Websites<br \/>Unsere Website enth\u00e4lt Hyperlinks zu Websites von Dritten, die nicht durch uns betrieben oder kontrolliert werden. F\u00fcr deren Inhalt sowie Datenschutzpraktiken sind wir nicht verantwortlich.<\/p><p>Ihre Rechte als betroffene Person<br \/>Sie haben als betroffene Person das Recht,<\/p><p>auf Antrag eine kostenlose Auskunft dar\u00fcber zu erhalten, ob und allenfalls welche personenbezogenen Daten ich \u00fcber Sie bearbeite<br \/>auf Berichtigung falscher Personendaten<br \/>auf die Verarbeitungseinschr\u00e4nkung Ihrer Personendaten<br \/>auf Sperrung Ihrer Personendaten<br \/>auf L\u00f6schung Ihrer Personendaten, sofern dies nicht mit einer gesetzlichen Pflicht zur<br \/>Aufbewahrung von Daten kollidiert<br \/>auf Daten\u00fcbertragbarkeit, sofern und soweit die DSGVO anwendbar ist<br \/>erteilte Einwilligungen in die Bearbeitung Ihrer Personendaten mit Wirkung f\u00fcr die<br \/>Zukunft zu widerrufen<br \/>Widerspruch gegen die Bearbeitung Ihrer Personendaten zu erheben.<br \/>Sollten Sie annehmen, dass Ihre Daten unrechtm\u00e4ssig verarbeitet wurden, k\u00f6nnen Sie eine Beschwerde bei der zust\u00e4ndigen Aufsichtsbeh\u00f6rde einreichen. Aufsichtsbeh\u00f6rde f\u00fcr den Datenschutz in der Schweiz ist der Eidgen\u00f6ssische Datenschutz- und \u00d6ffentlichkeitsbeauftragte (ED\u00d6B).<\/p><p>Wenn Sie eine Berichtigung, Sperrung, L\u00f6schung oder Auskunft \u00fcber die zu Ihrer Person gespeicherten personenbezogenen Daten w\u00fcnschen oder Fragen bez\u00fcglich der Erhebung, Verarbeitung oder Verwendung Ihrer personenbezogenen Daten haben oder erteilte Einwilligungen widerrufen m\u00f6chten, k\u00f6nnen Sie sich jederzeit an den vorstehend genannten Verantwortlichen f\u00fcr Datenschutzbelange wenden.<\/p><p>Datensicherheit<br \/>Zur Sicherung Ihrer Daten unterhalten wir technische und organisatorische Sicherungsmassnahmen gem\u00e4ss dem aktuellen Stand der Technik.<br \/>Die Kommunikation \u00fcber unsere Website erfolgt verschl\u00fcsselt durch den Einsatz des Verschl\u00fcsselungsprotokolls SSL\/TLS. Wir weisen aber darauf hin, dass auch die verschl\u00fcsselte Daten\u00fcbertragung im Internet immer Sicherheitsrisiken in sich birgt. Ein l\u00fcckenloser Schutz der Daten vor dem Zugriff durch Dritte kann nicht gew\u00e4hrleistet werden.<\/p>\t\t\t\t\t\t<\/div>\n\t\t\t\t<\/div>\n\t\t\t\t\t<\/div>\n\t\t<\/div>\n\t\t\t\t\t<\/div>\n\t\t<\/section>\n\t\t\t\t<\/div>\n\t\t","protected":false},"excerpt":{"rendered":"<p>IMPRESSUM \/ PRIVACY POLICY Impressum BAM AG Neugasse 43 9000 St. Gallen Switzerland Tel.: +41 &#8211; 71 &#8211; 2222061 Fax.: +41 &#8211; 71 &#8211; 2222063 E-Mail: info@bamtec.com Internet: www.bamtec.com Datenschutzerkl\u00e4rung Version vom 1.1.2019 Allgemeines Mit dieser Datenschutzerkl\u00e4rung wollen wir Ihnen als Nutzerin bzw. Nutzer unserer Website darlegen, wie wir Personendaten erheben und bearbeiten.Unsere Website untersteht &#8230; <a title=\"IMPRESSUM \/ PRIVACY POLICY\" class=\"read-more\" href=\"https:\/\/www.bamtec.com\/fr\/impressum-privacy-policy\/\">Lire la suite<span class=\"screen-reader-text\">IMPRESSUM \/ PRIVACY POLICY<\/span><\/a><\/p>\n","protected":false},"author":2,"featured_media":0,"parent":0,"menu_order":0,"comment_status":"closed","ping_status":"closed","template":"","meta":{"_acf_changed":false,"content-type":"","om_disable_all_campaigns":false,"_monsterinsights_skip_tracking":false,"_monsterinsights_sitenote_active":false,"_monsterinsights_sitenote_note":"","_monsterinsights_sitenote_category":0,"_uf_show_specific_survey":0,"_uf_disable_surveys":false,"footnotes":""},"acf":[],"yoast_head":"<!-- This site is optimized with the Yoast SEO plugin v22.0 - https:\/\/yoast.com\/wordpress\/plugins\/seo\/ -->\n<title>IMPRESSUM \/ PRIVACY POLICY - BAMTEC\u00ae<\/title>\n<meta name=\"robots\" content=\"index, follow, max-snippet:-1, max-image-preview:large, max-video-preview:-1\" \/>\n<link rel=\"canonical\" href=\"https:\/\/www.bamtec.com\/impressum-privacy-policy\/\" \/>\n<meta property=\"og:locale\" content=\"fr_FR\" \/>\n<meta property=\"og:type\" content=\"article\" \/>\n<meta property=\"og:title\" content=\"IMPRESSUM \/ PRIVACY POLICY - BAMTEC\u00ae\" \/>\n<meta property=\"og:description\" content=\"IMPRESSUM \/ PRIVACY POLICY Impressum BAM AG Neugasse 43 9000 St. Gallen Switzerland Tel.: +41 &#8211; 71 &#8211; 2222061 Fax.: +41 &#8211; 71 &#8211; 2222063 E-Mail: info@bamtec.com Internet: www.bamtec.com Datenschutzerkl\u00e4rung Version vom 1.1.2019 Allgemeines Mit dieser Datenschutzerkl\u00e4rung wollen wir Ihnen als Nutzerin bzw. Nutzer unserer Website darlegen, wie wir Personendaten erheben und bearbeiten.Unsere Website untersteht ... Lire la suiteIMPRESSUM \/ PRIVACY POLICY\" \/>\n<meta property=\"og:url\" content=\"https:\/\/www.bamtec.com\/impressum-privacy-policy\/\" \/>\n<meta property=\"og:site_name\" content=\"BAMTEC\u00ae\" \/>\n<meta property=\"article:modified_time\" content=\"2020-09-16T07:08:59+00:00\" \/>\n<meta name=\"twitter:card\" content=\"summary_large_image\" \/>\n<meta name=\"twitter:label1\" content=\"Dur\u00e9e de lecture estim\u00e9e\" \/>\n\t<meta name=\"twitter:data1\" content=\"8 minutes\" \/>\n<script type=\"application\/ld+json\" class=\"yoast-schema-graph\">{\"@context\":\"https:\/\/schema.org\",\"@graph\":[{\"@type\":\"WebPage\",\"@id\":\"https:\/\/www.bamtec.com\/impressum-privacy-policy\/\",\"url\":\"https:\/\/www.bamtec.com\/impressum-privacy-policy\/\",\"name\":\"IMPRESSUM \/ PRIVACY POLICY - BAMTEC\u00ae\",\"isPartOf\":{\"@id\":\"https:\/\/www.bamtec.com\/#website\"},\"datePublished\":\"2019-04-03T13:02:06+00:00\",\"dateModified\":\"2020-09-16T07:08:59+00:00\",\"breadcrumb\":{\"@id\":\"https:\/\/www.bamtec.com\/impressum-privacy-policy\/#breadcrumb\"},\"inLanguage\":\"fr-FR\",\"potentialAction\":[{\"@type\":\"ReadAction\",\"target\":[\"https:\/\/www.bamtec.com\/impressum-privacy-policy\/\"]}]},{\"@type\":\"BreadcrumbList\",\"@id\":\"https:\/\/www.bamtec.com\/impressum-privacy-policy\/#breadcrumb\",\"itemListElement\":[{\"@type\":\"ListItem\",\"position\":1,\"name\":\"Home\",\"item\":\"https:\/\/www.bamtec.com\/\"},{\"@type\":\"ListItem\",\"position\":2,\"name\":\"IMPRESSUM \/ PRIVACY POLICY\"}]},{\"@type\":\"WebSite\",\"@id\":\"https:\/\/www.bamtec.com\/#website\",\"url\":\"https:\/\/www.bamtec.com\/\",\"name\":\"BAMTEC\u00ae\",\"description\":\"\",\"potentialAction\":[{\"@type\":\"SearchAction\",\"target\":{\"@type\":\"EntryPoint\",\"urlTemplate\":\"https:\/\/www.bamtec.com\/?s={search_term_string}\"},\"query-input\":\"required name=search_term_string\"}],\"inLanguage\":\"fr-FR\"}]}<\/script>\n<!-- \/ Yoast SEO plugin. -->","yoast_head_json":{"title":"IMPRESSUM \/ PRIVACY POLICY - BAMTEC\u00ae","robots":{"index":"index","follow":"follow","max-snippet":"max-snippet:-1","max-image-preview":"max-image-preview:large","max-video-preview":"max-video-preview:-1"},"canonical":"https:\/\/www.bamtec.com\/impressum-privacy-policy\/","og_locale":"fr_FR","og_type":"article","og_title":"IMPRESSUM \/ PRIVACY POLICY - BAMTEC\u00ae","og_description":"IMPRESSUM \/ PRIVACY POLICY Impressum BAM AG Neugasse 43 9000 St. Gallen Switzerland Tel.: +41 &#8211; 71 &#8211; 2222061 Fax.: +41 &#8211; 71 &#8211; 2222063 E-Mail: info@bamtec.com Internet: www.bamtec.com Datenschutzerkl\u00e4rung Version vom 1.1.2019 Allgemeines Mit dieser Datenschutzerkl\u00e4rung wollen wir Ihnen als Nutzerin bzw. Nutzer unserer Website darlegen, wie wir Personendaten erheben und bearbeiten.Unsere Website untersteht ... Lire la suiteIMPRESSUM \/ PRIVACY POLICY","og_url":"https:\/\/www.bamtec.com\/impressum-privacy-policy\/","og_site_name":"BAMTEC\u00ae","article_modified_time":"2020-09-16T07:08:59+00:00","twitter_card":"summary_large_image","twitter_misc":{"Dur\u00e9e de lecture estim\u00e9e":"8 minutes"},"schema":{"@context":"https:\/\/schema.org","@graph":[{"@type":"WebPage","@id":"https:\/\/www.bamtec.com\/impressum-privacy-policy\/","url":"https:\/\/www.bamtec.com\/impressum-privacy-policy\/","name":"IMPRESSUM \/ PRIVACY POLICY - BAMTEC\u00ae","isPartOf":{"@id":"https:\/\/www.bamtec.com\/#website"},"datePublished":"2019-04-03T13:02:06+00:00","dateModified":"2020-09-16T07:08:59+00:00","breadcrumb":{"@id":"https:\/\/www.bamtec.com\/impressum-privacy-policy\/#breadcrumb"},"inLanguage":"fr-FR","potentialAction":[{"@type":"ReadAction","target":["https:\/\/www.bamtec.com\/impressum-privacy-policy\/"]}]},{"@type":"BreadcrumbList","@id":"https:\/\/www.bamtec.com\/impressum-privacy-policy\/#breadcrumb","itemListElement":[{"@type":"ListItem","position":1,"name":"Home","item":"https:\/\/www.bamtec.com\/"},{"@type":"ListItem","position":2,"name":"IMPRESSUM \/ PRIVACY POLICY"}]},{"@type":"WebSite","@id":"https:\/\/www.bamtec.com\/#website","url":"https:\/\/www.bamtec.com\/","name":"BAMTEC\u00ae","description":"","potentialAction":[{"@type":"SearchAction","target":{"@type":"EntryPoint","urlTemplate":"https:\/\/www.bamtec.com\/?s={search_term_string}"},"query-input":"required name=search_term_string"}],"inLanguage":"fr-FR"}]}},"_links":{"self":[{"href":"https:\/\/www.bamtec.com\/fr\/wp-json\/wp\/v2\/pages\/8423"}],"collection":[{"href":"https:\/\/www.bamtec.com\/fr\/wp-json\/wp\/v2\/pages"}],"about":[{"href":"https:\/\/www.bamtec.com\/fr\/wp-json\/wp\/v2\/types\/page"}],"author":[{"embeddable":true,"href":"https:\/\/www.bamtec.com\/fr\/wp-json\/wp\/v2\/users\/2"}],"replies":[{"embeddable":true,"href":"https:\/\/www.bamtec.com\/fr\/wp-json\/wp\/v2\/comments?post=8423"}],"version-history":[{"count":0,"href":"https:\/\/www.bamtec.com\/fr\/wp-json\/wp\/v2\/pages\/8423\/revisions"}],"wp:attachment":[{"href":"https:\/\/www.bamtec.com\/fr\/wp-json\/wp\/v2\/media?parent=8423"}],"curies":[{"name":"wp","href":"https:\/\/api.w.org\/{rel}","templated":true}]}}